{"id":1202,"date":"2021-12-15T14:18:36","date_gmt":"2021-12-15T14:18:36","guid":{"rendered":"https:\/\/alvarogutierrezmd.com\/?page_id=1202"},"modified":"2023-07-16T17:39:27","modified_gmt":"2023-07-16T17:39:27","slug":"elementor-1202","status":"publish","type":"page","link":"https:\/\/alvarogutierrezmd.com\/?page_id=1202","title":{"rendered":"Acerca de"},"content":{"rendered":"\t\t<div data-elementor-type=\"wp-page\" data-elementor-id=\"1202\" class=\"elementor elementor-1202\">\n\t\t\t\t\t\t<section class=\"elementor-section elementor-top-section elementor-element elementor-element-0123882 elementor-section-boxed elementor-section-height-default elementor-section-height-default jltma-glass-effect-no\" data-id=\"0123882\" data-element_type=\"section\" data-e-type=\"section\">\n\t\t\t\t\t\t<div class=\"elementor-container elementor-column-gap-default\">\n\t\t\t\t\t<div class=\"elementor-column elementor-col-100 elementor-top-column elementor-element elementor-element-bc25b6f jltma-glass-effect-no\" data-id=\"bc25b6f\" data-element_type=\"column\" data-e-type=\"column\">\n\t\t\t<div class=\"elementor-widget-wrap elementor-element-populated\">\n\t\t\t\t\t\t<div class=\"elementor-element elementor-element-8ed8cb3 jltma-glass-effect-no elementor-widget elementor-widget-image\" data-id=\"8ed8cb3\" data-element_type=\"widget\" data-e-type=\"widget\" data-widget_type=\"image.default\">\n\t\t\t\t<div class=\"elementor-widget-container\">\n\t\t\t\t\t\t\t\t\t\t\t\t\t\t\t<img fetchpriority=\"high\" decoding=\"async\" width=\"1024\" height=\"144\" src=\"https:\/\/alvarogutierrezmd.com\/wp-content\/uploads\/2023\/07\/perfil-1-1024x144.png\" class=\"attachment-large size-large wp-image-1571\" alt=\"\" srcset=\"https:\/\/alvarogutierrezmd.com\/wp-content\/uploads\/2023\/07\/perfil-1-1024x144.png 1024w, https:\/\/alvarogutierrezmd.com\/wp-content\/uploads\/2023\/07\/perfil-1-300x42.png 300w, https:\/\/alvarogutierrezmd.com\/wp-content\/uploads\/2023\/07\/perfil-1-768x108.png 768w, https:\/\/alvarogutierrezmd.com\/wp-content\/uploads\/2023\/07\/perfil-1.png 1280w\" sizes=\"(max-width: 1024px) 100vw, 1024px\" \/>\t\t\t\t\t\t\t\t\t\t\t\t\t\t\t<\/div>\n\t\t\t\t<\/div>\n\t\t\t\t\t<\/div>\n\t\t<\/div>\n\t\t\t\t\t<\/div>\n\t\t<\/section>\n\t\t\t\t<section class=\"elementor-section elementor-top-section elementor-element elementor-element-b6110fa elementor-section-boxed elementor-section-height-default elementor-section-height-default jltma-glass-effect-no\" data-id=\"b6110fa\" data-element_type=\"section\" data-e-type=\"section\">\n\t\t\t\t\t\t<div class=\"elementor-container elementor-column-gap-default\">\n\t\t\t\t\t<div class=\"elementor-column elementor-col-33 elementor-top-column elementor-element elementor-element-a5f954f jltma-glass-effect-no\" data-id=\"a5f954f\" data-element_type=\"column\" data-e-type=\"column\">\n\t\t\t<div class=\"elementor-widget-wrap elementor-element-populated\">\n\t\t\t\t\t\t<div class=\"elementor-element elementor-element-30d0eb3 jltma-glass-effect-no elementor-widget elementor-widget-image\" data-id=\"30d0eb3\" data-element_type=\"widget\" data-e-type=\"widget\" data-widget_type=\"image.default\">\n\t\t\t\t<div class=\"elementor-widget-container\">\n\t\t\t\t\t\t\t\t\t\t\t\t\t\t\t<img decoding=\"async\" width=\"1024\" height=\"1024\" src=\"https:\/\/alvarogutierrezmd.com\/wp-content\/uploads\/2022\/01\/Untitled-design-1024x1024.png\" class=\"attachment-large size-large wp-image-1287\" alt=\"Alvaro Guti\u00e9rrez M, MD.\" srcset=\"https:\/\/alvarogutierrezmd.com\/wp-content\/uploads\/2022\/01\/Untitled-design-1024x1024.png 1024w, https:\/\/alvarogutierrezmd.com\/wp-content\/uploads\/2022\/01\/Untitled-design-300x300.png 300w, https:\/\/alvarogutierrezmd.com\/wp-content\/uploads\/2022\/01\/Untitled-design-150x150.png 150w, https:\/\/alvarogutierrezmd.com\/wp-content\/uploads\/2022\/01\/Untitled-design-768x768.png 768w, https:\/\/alvarogutierrezmd.com\/wp-content\/uploads\/2022\/01\/Untitled-design.png 1080w\" sizes=\"(max-width: 1024px) 100vw, 1024px\" \/>\t\t\t\t\t\t\t\t\t\t\t\t\t\t\t<\/div>\n\t\t\t\t<\/div>\n\t\t\t\t\t<\/div>\n\t\t<\/div>\n\t\t\t\t<div class=\"elementor-column elementor-col-66 elementor-top-column elementor-element elementor-element-385d425 jltma-glass-effect-no\" data-id=\"385d425\" data-element_type=\"column\" data-e-type=\"column\">\n\t\t\t<div class=\"elementor-widget-wrap elementor-element-populated\">\n\t\t\t\t\t\t<div class=\"elementor-element elementor-element-24e1af5 jltma-glass-effect-no elementor-widget elementor-widget-text-editor\" data-id=\"24e1af5\" data-element_type=\"widget\" data-e-type=\"widget\" data-widget_type=\"text-editor.default\">\n\t\t\t\t<div class=\"elementor-widget-container\">\n\t\t\t\t\t\t\t\t\t<p style=\"margin-bottom: 20px; font-variant-numeric: inherit; font-variant-east-asian: inherit; font-stretch: inherit; line-height: inherit; font-family: Roboto, sans-serif; font-size: 16px; font-style: normal; font-weight: 400; color: #7a7a7a;\">El Doctor Guti\u00e9rrez es m\u00e9dico ur\u00f3logo,\u00a0 con m\u00e1s de 20 a\u00f1os de experiencia profesional y acad\u00e9mica en su especialidad.\u00a0 Su \u00e9nfasis profesional es la Urolog\u00eda funcional, subespecialidad de la urolog\u00eda que se encarga concretamente del diagn\u00f3stico, estudio y tratamiento de los trastornos de car\u00e1cter funcional del tracto urinario inferior masculino y femenino.\u00a0 Esto abarca patolog\u00edas como la incontinencia urinaria masculina y femenina, los trastornos del piso p\u00e9lvico, disfunciones neurog\u00e9nicas y trastornos de la evacuaci\u00f3n vesical.<\/p><p style=\"margin-bottom: 20px; font-variant-numeric: inherit; font-variant-east-asian: inherit; font-stretch: inherit; line-height: inherit; font-family: Roboto, sans-serif; font-size: 16px; font-style: normal; font-weight: 400; color: #7a7a7a;\">Adem\u00e1s de su entrenamiento en las cirug\u00edas de su especialidad, tambi\u00e9n se encuentra certificado en Cirug\u00eda L\u00e1ser de pr\u00f3stata, implantaci\u00f3n de esf\u00ednteres urinarios artificiales y pr\u00f3tesis peneanas e implantaci\u00f3n de neuroestimuladores.<\/p><p style=\"margin-bottom: 20px; font-variant-numeric: inherit; font-variant-east-asian: inherit; font-stretch: inherit; line-height: inherit; font-family: Roboto, sans-serif; font-size: 16px; font-style: normal; font-weight: 400; color: #7a7a7a;\">Es socio fundador de Urobosque, uno de los m\u00e1s importantes centros de Urolog\u00eda en nuestro pa\u00eds.\u00a0 Desempe\u00f1a su especialidad en las m\u00e1s importantes cl\u00ednicas de la ciudad de Bogot\u00e1, y en la actualidad es profesor del programa de post-grado en Urolog\u00eda de la Universidad S\u00e1nitas.<\/p><p style=\"margin-bottom: 20px; font-variant-numeric: inherit; font-variant-east-asian: inherit; font-stretch: inherit; line-height: inherit; font-family: Roboto, sans-serif; font-size: 16px; font-style: normal; font-weight: 400; color: #7a7a7a;\">Actualmente, hace parte de las m\u00e1s importantes sociedades cient\u00edficas en su \u00e1rea a nivel mundial, ha publicado varios estudios en revistas nacionales e internacionales y ha sido conferencista e instructor quir\u00fargico nacional e internacional durante toda su trayectoria.\u00a0<\/p>\t\t\t\t\t\t\t\t<\/div>\n\t\t\t\t<\/div>\n\t\t\t\t\t<\/div>\n\t\t<\/div>\n\t\t\t\t\t<\/div>\n\t\t<\/section>\n\t\t\t\t<section class=\"elementor-section elementor-top-section elementor-element elementor-element-1a38471 elementor-section-boxed elementor-section-height-default elementor-section-height-default jltma-glass-effect-no\" data-id=\"1a38471\" data-element_type=\"section\" data-e-type=\"section\">\n\t\t\t\t\t\t<div class=\"elementor-container elementor-column-gap-default\">\n\t\t\t\t\t<div class=\"elementor-column elementor-col-33 elementor-top-column elementor-element elementor-element-9833694 jltma-glass-effect-no\" data-id=\"9833694\" data-element_type=\"column\" data-e-type=\"column\">\n\t\t\t<div class=\"elementor-widget-wrap\">\n\t\t\t\t\t\t\t<\/div>\n\t\t<\/div>\n\t\t\t\t<div class=\"elementor-column elementor-col-66 elementor-top-column elementor-element elementor-element-4576978 jltma-glass-effect-no\" data-id=\"4576978\" data-element_type=\"column\" data-e-type=\"column\">\n\t\t\t<div class=\"elementor-widget-wrap elementor-element-populated\">\n\t\t\t\t\t\t<div class=\"elementor-element elementor-element-88ec778 jltma-glass-effect-no elementor-widget elementor-widget-text-editor\" data-id=\"88ec778\" data-element_type=\"widget\" data-e-type=\"widget\" data-widget_type=\"text-editor.default\">\n\t\t\t\t<div class=\"elementor-widget-container\">\n\t\t\t\t\t\t\t\t\t<p style=\"margin-bottom: 20px; font-variant-numeric: inherit; font-variant-east-asian: inherit; font-stretch: inherit; line-height: inherit; font-family: Roboto, sans-serif; font-size: 16px; font-style: normal; font-weight: 400; color: #7a7a7a;\"><span style=\"margin: 0px; padding: 0px; border: 0px; outline: 0px; font-variant: inherit; font-stretch: inherit; line-height: inherit; vertical-align: baseline; font-family: inherit; font-style: inherit; font-weight: inherit; color: #ff0000;\"><span style=\"margin: 0px; padding: 0px; border: 0px; outline: 0px; font-variant: inherit; font-stretch: inherit; line-height: inherit; vertical-align: baseline; font-family: inherit; font-style: inherit; font-weight: 600;\">Curriculum<\/span><\/span><\/p><p style=\"margin-bottom: 20px; font-variant-numeric: inherit; font-variant-east-asian: inherit; font-stretch: inherit; line-height: inherit; font-family: Roboto, sans-serif; font-size: 16px; font-style: normal; font-weight: 400; color: #7a7a7a;\"><span style=\"margin: 0px; padding: 0px; border: 0px; outline: 0px; font-variant: inherit; font-stretch: inherit; line-height: inherit; vertical-align: baseline; font-family: inherit; font-style: inherit; font-weight: 600;\"><span style=\"margin: 0px; padding: 0px; border: 0px; outline: 0px; font-variant: inherit; font-stretch: inherit; line-height: inherit; vertical-align: baseline; font-family: inherit; font-style: inherit; font-weight: inherit; color: #ff0000;\">Pregrado:<\/span><\/span><\/p><p style=\"margin-bottom: 20px; font-variant-numeric: inherit; font-variant-east-asian: inherit; font-stretch: inherit; line-height: inherit; font-family: Roboto, sans-serif; font-size: 16px; font-style: normal; font-weight: 400; color: #7a7a7a;\">Universidad Militar Nueva Granada\u00a0 (1983 &#8211; 1988)<\/p><p style=\"margin-bottom: 20px; font-variant-numeric: inherit; font-variant-east-asian: inherit; font-stretch: inherit; line-height: inherit; font-family: Roboto, sans-serif; font-size: 16px; font-style: normal; font-weight: 400; color: #7a7a7a;\"><span style=\"margin: 0px; padding: 0px; border: 0px; outline: 0px; font-variant: inherit; font-stretch: inherit; line-height: inherit; vertical-align: baseline; font-family: inherit; font-style: inherit; font-weight: 600;\"><span style=\"margin: 0px; padding: 0px; border: 0px; outline: 0px; font-variant: inherit; font-stretch: inherit; line-height: inherit; vertical-align: baseline; font-family: inherit; font-style: inherit; font-weight: inherit; color: #ff0000;\">Postgrado:<\/span><\/span><\/p><p style=\"margin-bottom: 20px; font-variant-numeric: inherit; font-variant-east-asian: inherit; font-stretch: inherit; line-height: inherit; font-family: Roboto, sans-serif; font-size: 16px; font-style: normal; font-weight: 400; color: #7a7a7a;\">Especializaci\u00f3n en Urolog\u00eda\u00a0<\/p><p style=\"margin-bottom: 20px; font-variant-numeric: inherit; font-variant-east-asian: inherit; font-stretch: inherit; line-height: inherit; font-family: Roboto, sans-serif; font-size: 16px; font-style: normal; font-weight: 400; color: #7a7a7a;\">Universidad Militar Nueva Granada \/ Hospital Militar Central (1990-1994)<\/p><p style=\"margin-bottom: 20px; font-variant-numeric: inherit; font-variant-east-asian: inherit; font-stretch: inherit; line-height: inherit; font-family: Roboto, sans-serif; font-size: 16px; font-style: normal; font-weight: 400; color: #7a7a7a;\"><span style=\"margin: 0px; padding: 0px; border: 0px; outline: 0px; font-variant: inherit; font-stretch: inherit; line-height: inherit; vertical-align: baseline; font-family: inherit; font-style: inherit; font-weight: 600;\"><span style=\"margin: 0px; padding: 0px; border: 0px; outline: 0px; font-variant: inherit; font-stretch: inherit; line-height: inherit; vertical-align: baseline; font-family: inherit; font-style: inherit; font-weight: inherit; color: #ff0000;\">Idiomas<\/span><\/span><\/p><p style=\"margin-bottom: 20px; font-variant-numeric: inherit; font-variant-east-asian: inherit; font-stretch: inherit; line-height: inherit; font-family: Roboto, sans-serif; font-size: 16px; font-style: normal; font-weight: 400; color: #7a7a7a;\">Espa\u00f1ol<\/p><p style=\"margin-bottom: 20px; font-variant-numeric: inherit; font-variant-east-asian: inherit; font-stretch: inherit; line-height: inherit; font-family: Roboto, sans-serif; font-size: 16px; font-style: normal; font-weight: 400; color: #7a7a7a;\">Ingl\u00e9s<\/p>\t\t\t\t\t\t\t\t<\/div>\n\t\t\t\t<\/div>\n\t\t\t\t\t<\/div>\n\t\t<\/div>\n\t\t\t\t\t<\/div>\n\t\t<\/section>\n\t\t\t\t<section class=\"elementor-section elementor-top-section elementor-element elementor-element-3c31c67 elementor-section-boxed elementor-section-height-default elementor-section-height-default jltma-glass-effect-no\" data-id=\"3c31c67\" data-element_type=\"section\" data-e-type=\"section\">\n\t\t\t\t\t\t<div class=\"elementor-container elementor-column-gap-default\">\n\t\t\t\t\t<div class=\"elementor-column elementor-col-33 elementor-top-column elementor-element elementor-element-3454ef0 jltma-glass-effect-no\" data-id=\"3454ef0\" data-element_type=\"column\" data-e-type=\"column\">\n\t\t\t<div class=\"elementor-widget-wrap\">\n\t\t\t\t\t\t\t<\/div>\n\t\t<\/div>\n\t\t\t\t<div class=\"elementor-column elementor-col-66 elementor-top-column elementor-element elementor-element-2fc59e4 jltma-glass-effect-no\" data-id=\"2fc59e4\" data-element_type=\"column\" data-e-type=\"column\">\n\t\t\t<div class=\"elementor-widget-wrap elementor-element-populated\">\n\t\t\t\t\t\t<div class=\"elementor-element elementor-element-cb907a8 jltma-glass-effect-no elementor-widget elementor-widget-text-editor\" data-id=\"cb907a8\" data-element_type=\"widget\" data-e-type=\"widget\" data-widget_type=\"text-editor.default\">\n\t\t\t\t<div class=\"elementor-widget-container\">\n\t\t\t\t\t\t\t\t\t<p style=\"margin-bottom: 20px; font-variant-numeric: inherit; font-variant-east-asian: inherit; font-stretch: inherit; line-height: inherit; font-family: Roboto, sans-serif; font-size: 16px; font-style: normal; font-weight: 400; color: #7a7a7a;\"><span style=\"margin: 0px; padding: 0px; border: 0px; outline: 0px; font-variant: inherit; font-stretch: inherit; line-height: inherit; vertical-align: baseline; font-family: inherit; font-style: inherit; font-weight: 600;\"><span style=\"margin: 0px; padding: 0px; border: 0px; outline: 0px; font-variant: inherit; font-stretch: inherit; line-height: inherit; vertical-align: baseline; font-family: inherit; font-style: inherit; font-weight: inherit; color: #ff0000;\">Sociedades cient\u00edficas<\/span><\/span><\/p>\n<ul style=\"margin-top: 15px; margin-bottom: 15px; font-variant-numeric: inherit; font-variant-east-asian: inherit; font-stretch: inherit; line-height: inherit; font-family: Roboto, sans-serif; font-size: 16px; font-style: normal; font-weight: 400; color: #7a7a7a;\">\n<li style=\"font-variant: inherit; font-stretch: inherit; line-height: inherit; font-family: inherit; font-size: 16px;\">Miembro de n\u00famero Sociedad Colombiana Urolog\u00eda (SCU)<\/li>\n<li style=\"font-variant: inherit; font-stretch: inherit; line-height: inherit; font-family: inherit; font-size: 16px;\">Miembro Sociedad Internacional de Continencia (ICS)<\/li>\n<li style=\"font-variant: inherit; font-stretch: inherit; line-height: inherit; font-family: inherit; font-size: 16px;\">Miembro Internacional de la Asociaci\u00f3n Urol\u00f3gica Americana (AUA)<\/li>\n<li style=\"font-variant: inherit; font-stretch: inherit; line-height: inherit; font-family: inherit; font-size: 16px;\">Miembro Confederaci\u00f3n Americana de Urolog\u00eda (CAU)<\/li>\n<li style=\"font-variant: inherit; font-stretch: inherit; line-height: inherit; font-family: inherit; font-size: 16px;\">Miembro fundador de la Asociaci\u00f3n latinoamericana de piso p\u00e9lvico (ALAPP)<\/li>\n<\/ul>\t\t\t\t\t\t\t\t<\/div>\n\t\t\t\t<\/div>\n\t\t\t\t\t<\/div>\n\t\t<\/div>\n\t\t\t\t\t<\/div>\n\t\t<\/section>\n\t\t\t\t<\/div>\n\t\t","protected":false},"excerpt":{"rendered":"<p>El Doctor Guti\u00e9rrez es m\u00e9dico ur\u00f3logo,\u00a0 con m\u00e1s de 20 a\u00f1os de experiencia profesional y acad\u00e9mica en su especialidad.\u00a0 Su \u00e9nfasis profesional es la Urolog\u00eda funcional, subespecialidad de la urolog\u00eda que se encarga concretamente del diagn\u00f3stico, estudio y tratamiento de los trastornos de car\u00e1cter funcional del tracto urinario inferior masculino y femenino.\u00a0 Esto abarca patolog\u00edas [&hellip;]<\/p>\n","protected":false},"author":1,"featured_media":0,"parent":0,"menu_order":0,"comment_status":"closed","ping_status":"closed","template":"","meta":{"om_disable_all_campaigns":false,"_monsterinsights_skip_tracking":false,"_monsterinsights_sitenote_active":false,"_monsterinsights_sitenote_note":"","_monsterinsights_sitenote_category":0,"footnotes":""},"class_list":["post-1202","page","type-page","status-publish","hentry","entry"],"aioseo_notices":[],"_links":{"self":[{"href":"https:\/\/alvarogutierrezmd.com\/index.php?rest_route=\/wp\/v2\/pages\/1202","targetHints":{"allow":["GET"]}}],"collection":[{"href":"https:\/\/alvarogutierrezmd.com\/index.php?rest_route=\/wp\/v2\/pages"}],"about":[{"href":"https:\/\/alvarogutierrezmd.com\/index.php?rest_route=\/wp\/v2\/types\/page"}],"author":[{"embeddable":true,"href":"https:\/\/alvarogutierrezmd.com\/index.php?rest_route=\/wp\/v2\/users\/1"}],"replies":[{"embeddable":true,"href":"https:\/\/alvarogutierrezmd.com\/index.php?rest_route=%2Fwp%2Fv2%2Fcomments&post=1202"}],"version-history":[{"count":24,"href":"https:\/\/alvarogutierrezmd.com\/index.php?rest_route=\/wp\/v2\/pages\/1202\/revisions"}],"predecessor-version":[{"id":1606,"href":"https:\/\/alvarogutierrezmd.com\/index.php?rest_route=\/wp\/v2\/pages\/1202\/revisions\/1606"}],"wp:attachment":[{"href":"https:\/\/alvarogutierrezmd.com\/index.php?rest_route=%2Fwp%2Fv2%2Fmedia&parent=1202"}],"curies":[{"name":"wp","href":"https:\/\/api.w.org\/{rel}","templated":true}]}}