{"id":1240,"date":"2021-12-15T16:43:06","date_gmt":"2021-12-15T16:43:06","guid":{"rendered":"https:\/\/alvarogutierrezmd.com\/?page_id=1240"},"modified":"2023-07-16T17:36:12","modified_gmt":"2023-07-16T17:36:12","slug":"consulta-virtual","status":"publish","type":"page","link":"https:\/\/alvarogutierrezmd.com\/?page_id=1240","title":{"rendered":"Consulta Virtual"},"content":{"rendered":"\t\t<div data-elementor-type=\"wp-page\" data-elementor-id=\"1240\" class=\"elementor elementor-1240\">\n\t\t\t\t\t\t<section class=\"elementor-section elementor-top-section elementor-element elementor-element-f5283ee elementor-section-boxed elementor-section-height-default elementor-section-height-default jltma-glass-effect-no\" data-id=\"f5283ee\" data-element_type=\"section\" data-e-type=\"section\">\n\t\t\t\t\t\t<div class=\"elementor-container elementor-column-gap-default\">\n\t\t\t\t\t<div class=\"elementor-column elementor-col-100 elementor-top-column elementor-element elementor-element-76cfa8e jltma-glass-effect-no\" data-id=\"76cfa8e\" data-element_type=\"column\" data-e-type=\"column\">\n\t\t\t<div class=\"elementor-widget-wrap elementor-element-populated\">\n\t\t\t\t\t\t<div class=\"elementor-element elementor-element-a21fb7d jltma-glass-effect-no elementor-widget elementor-widget-image\" data-id=\"a21fb7d\" data-element_type=\"widget\" data-e-type=\"widget\" data-widget_type=\"image.default\">\n\t\t\t\t<div class=\"elementor-widget-container\">\n\t\t\t\t\t\t\t\t\t\t\t\t\t\t\t<img fetchpriority=\"high\" decoding=\"async\" width=\"1024\" height=\"144\" src=\"https:\/\/alvarogutierrezmd.com\/wp-content\/uploads\/2023\/07\/tele-1024x144.png\" class=\"attachment-large size-large wp-image-1596\" alt=\"\" srcset=\"https:\/\/alvarogutierrezmd.com\/wp-content\/uploads\/2023\/07\/tele-1024x144.png 1024w, https:\/\/alvarogutierrezmd.com\/wp-content\/uploads\/2023\/07\/tele-300x42.png 300w, https:\/\/alvarogutierrezmd.com\/wp-content\/uploads\/2023\/07\/tele-768x108.png 768w, https:\/\/alvarogutierrezmd.com\/wp-content\/uploads\/2023\/07\/tele.png 1280w\" sizes=\"(max-width: 1024px) 100vw, 1024px\" \/>\t\t\t\t\t\t\t\t\t\t\t\t\t\t\t<\/div>\n\t\t\t\t<\/div>\n\t\t\t\t\t<\/div>\n\t\t<\/div>\n\t\t\t\t\t<\/div>\n\t\t<\/section>\n\t\t\t\t<section class=\"elementor-section elementor-top-section elementor-element elementor-element-460e911 elementor-section-boxed elementor-section-height-default elementor-section-height-default jltma-glass-effect-no\" data-id=\"460e911\" data-element_type=\"section\" data-e-type=\"section\">\n\t\t\t\t\t\t<div class=\"elementor-container elementor-column-gap-default\">\n\t\t\t\t\t<div class=\"elementor-column elementor-col-50 elementor-top-column elementor-element elementor-element-69930c4 jltma-glass-effect-no\" data-id=\"69930c4\" data-element_type=\"column\" data-e-type=\"column\">\n\t\t\t<div class=\"elementor-widget-wrap elementor-element-populated\">\n\t\t\t\t\t\t<div class=\"elementor-element elementor-element-a856ed2 jltma-glass-effect-no elementor-widget elementor-widget-image\" data-id=\"a856ed2\" data-element_type=\"widget\" data-e-type=\"widget\" data-widget_type=\"image.default\">\n\t\t\t\t<div class=\"elementor-widget-container\">\n\t\t\t\t\t\t\t\t\t\t\t\t\t\t\t<img decoding=\"async\" src=\"https:\/\/alvarogutierrezmd.com\/wp-content\/uploads\/2022\/01\/Untitled-design-2.png\" title=\"Untitled design (2)\" alt=\"Untitled design (2)\" loading=\"lazy\" \/>\t\t\t\t\t\t\t\t\t\t\t\t\t\t\t<\/div>\n\t\t\t\t<\/div>\n\t\t\t\t\t<\/div>\n\t\t<\/div>\n\t\t\t\t<div class=\"elementor-column elementor-col-50 elementor-top-column elementor-element elementor-element-01e9c65 jltma-glass-effect-no\" data-id=\"01e9c65\" data-element_type=\"column\" data-e-type=\"column\">\n\t\t\t<div class=\"elementor-widget-wrap elementor-element-populated\">\n\t\t\t\t\t\t<div class=\"elementor-element elementor-element-35b23e8 jltma-glass-effect-no elementor-widget elementor-widget-text-editor\" data-id=\"35b23e8\" data-element_type=\"widget\" data-e-type=\"widget\" data-widget_type=\"text-editor.default\">\n\t\t\t\t<div class=\"elementor-widget-container\">\n\t\t\t\t\t\t\t\t\t<p style=\"font-variant-ligatures: normal; font-variant-caps: normal; font-family: Roboto, sans-serif; font-size: 16px; font-style: normal; font-weight: 400; color: #7a7a7a;\">No es ideal usar las redes sociales o aplicaciones de video llamada para hacer consultas m\u00e9dicas dada la baja seguridad de estas.<\/p><p style=\"font-variant-ligatures: normal; font-variant-caps: normal; font-family: Roboto, sans-serif; font-size: 16px; font-style: normal; font-weight: 400; color: #7a7a7a;\">Nuestra plataforma de Telemedicina cumple con todas las medidas de seguridad (como la encriptaci\u00f3n de 128 Bits) exigidas por EEUU, Canad\u00e1 y la Uni\u00f3n Europea para este tipo de consultas.\u00a0<\/p>\t\t\t\t\t\t\t\t<\/div>\n\t\t\t\t<\/div>\n\t\t\t\t\t<\/div>\n\t\t<\/div>\n\t\t\t\t\t<\/div>\n\t\t<\/section>\n\t\t\t\t<section class=\"elementor-section elementor-top-section elementor-element elementor-element-a4bb207 elementor-section-boxed elementor-section-height-default elementor-section-height-default jltma-glass-effect-no\" data-id=\"a4bb207\" data-element_type=\"section\" data-e-type=\"section\">\n\t\t\t\t\t\t<div class=\"elementor-container elementor-column-gap-default\">\n\t\t\t\t\t<div class=\"elementor-column elementor-col-50 elementor-top-column elementor-element elementor-element-299f3b7 jltma-glass-effect-no\" data-id=\"299f3b7\" data-element_type=\"column\" data-e-type=\"column\">\n\t\t\t<div class=\"elementor-widget-wrap elementor-element-populated\">\n\t\t\t\t\t\t<div class=\"elementor-element elementor-element-bdefdb2 jltma-glass-effect-no elementor-widget elementor-widget-text-editor\" data-id=\"bdefdb2\" data-element_type=\"widget\" data-e-type=\"widget\" data-widget_type=\"text-editor.default\">\n\t\t\t\t<div class=\"elementor-widget-container\">\n\t\t\t\t\t\t\t\t\t<p style=\"font-variant-ligatures: normal; font-variant-caps: normal; font-family: Roboto, sans-serif; font-size: 16px; font-style: normal; font-weight: 400; color: #7a7a7a;\">Para ingresar a la Consulta Virtual, presione el bot\u00f3n, se abrir\u00e1 una nueva p\u00e1gina donde se le pedir\u00e1 escribir su Nombre completo y si su navegador lo requiere, autorizar el uso tanto de la c\u00e1mara como del micr\u00f3fono.<\/p>\n<p style=\"font-variant-ligatures: normal; font-variant-caps: normal; font-family: Roboto, sans-serif; font-size: 16px; font-style: normal; font-weight: 400; color: #7a7a7a;\">Una vez haga esto, estar\u00e1 en la sala de espera virtual.\u00a0 Por favor espere a ser atendido.<\/p>\t\t\t\t\t\t\t\t<\/div>\n\t\t\t\t<\/div>\n\t\t\t\t\t<\/div>\n\t\t<\/div>\n\t\t\t\t<div class=\"elementor-column elementor-col-50 elementor-top-column elementor-element elementor-element-c65d069 jltma-glass-effect-no\" data-id=\"c65d069\" data-element_type=\"column\" data-e-type=\"column\">\n\t\t\t<div class=\"elementor-widget-wrap elementor-element-populated\">\n\t\t\t\t\t\t<div class=\"elementor-element elementor-element-6de4aba elementor-button-success elementor-align-center jltma-glass-effect-no elementor-widget elementor-widget-button\" data-id=\"6de4aba\" data-element_type=\"widget\" data-e-type=\"widget\" data-widget_type=\"button.default\">\n\t\t\t\t<div class=\"elementor-widget-container\">\n\t\t\t\t\t\t\t\t\t<div class=\"elementor-button-wrapper\">\n\t\t\t\t\t<a class=\"elementor-button elementor-button-link elementor-size-lg\" href=\"http:\/\/telemedicina.urobosque.com\">\n\t\t\t\t\t\t<span class=\"elementor-button-content-wrapper\">\n\t\t\t\t\t\t<span class=\"elementor-button-icon\">\n\t\t\t\t<i aria-hidden=\"true\" class=\"fas fa-laptop-medical\"><\/i>\t\t\t<\/span>\n\t\t\t\t\t\t\t\t\t<span class=\"elementor-button-text\">Ingreso a Consulta Virtual<\/span>\n\t\t\t\t\t<\/span>\n\t\t\t\t\t<\/a>\n\t\t\t\t<\/div>\n\t\t\t\t\t\t\t\t<\/div>\n\t\t\t\t<\/div>\n\t\t\t\t\t<\/div>\n\t\t<\/div>\n\t\t\t\t\t<\/div>\n\t\t<\/section>\n\t\t\t\t<section class=\"elementor-section elementor-top-section elementor-element elementor-element-d8b6ebc elementor-section-boxed elementor-section-height-default elementor-section-height-default jltma-glass-effect-no\" data-id=\"d8b6ebc\" data-element_type=\"section\" data-e-type=\"section\">\n\t\t\t\t\t\t<div class=\"elementor-container elementor-column-gap-default\">\n\t\t\t\t\t<div class=\"elementor-column elementor-col-50 elementor-top-column elementor-element elementor-element-9c350e4 jltma-glass-effect-no\" data-id=\"9c350e4\" data-element_type=\"column\" data-e-type=\"column\">\n\t\t\t<div class=\"elementor-widget-wrap elementor-element-populated\">\n\t\t\t\t\t\t<div class=\"elementor-element elementor-element-d8da55f jltma-glass-effect-no elementor-widget elementor-widget-image\" data-id=\"d8da55f\" data-element_type=\"widget\" data-e-type=\"widget\" data-widget_type=\"image.default\">\n\t\t\t\t<div class=\"elementor-widget-container\">\n\t\t\t\t\t\t\t\t\t\t\t\t\t\t\t<img decoding=\"async\" src=\"https:\/\/alvarogutierrezmd.com\/wp-content\/uploads\/2022\/01\/Navegadores-recomendados.png\" title=\"Navegadores recomendados\" alt=\"Navegadores recomendados\" loading=\"lazy\" \/>\t\t\t\t\t\t\t\t\t\t\t\t\t\t\t<\/div>\n\t\t\t\t<\/div>\n\t\t\t\t\t<\/div>\n\t\t<\/div>\n\t\t\t\t<div class=\"elementor-column elementor-col-50 elementor-top-column elementor-element elementor-element-c7f0070 jltma-glass-effect-no\" data-id=\"c7f0070\" data-element_type=\"column\" data-e-type=\"column\">\n\t\t\t<div class=\"elementor-widget-wrap elementor-element-populated\">\n\t\t\t\t\t\t<div class=\"elementor-element elementor-element-9b8a64d jltma-glass-effect-no elementor-widget elementor-widget-image\" data-id=\"9b8a64d\" data-element_type=\"widget\" data-e-type=\"widget\" data-widget_type=\"image.default\">\n\t\t\t\t<div class=\"elementor-widget-container\">\n\t\t\t\t\t\t\t\t\t\t\t\t\t\t\t<img decoding=\"async\" src=\"https:\/\/alvarogutierrezmd.com\/wp-content\/uploads\/2022\/01\/safari-chrome-firefox-edge-5ec0087167b5e-1520x800-1.jpg\" title=\"safari-chrome-firefox-edge-5ec0087167b5e-1520&#215;800\" alt=\"safari-chrome-firefox-edge-5ec0087167b5e-1520x800\" loading=\"lazy\" \/>\t\t\t\t\t\t\t\t\t\t\t\t\t\t\t<\/div>\n\t\t\t\t<\/div>\n\t\t\t\t\t<\/div>\n\t\t<\/div>\n\t\t\t\t\t<\/div>\n\t\t<\/section>\n\t\t\t\t<\/div>\n\t\t","protected":false},"excerpt":{"rendered":"<p>No es ideal usar las redes sociales o aplicaciones de video llamada para hacer consultas m\u00e9dicas dada la baja seguridad de estas. Nuestra plataforma de Telemedicina cumple con todas las medidas de seguridad (como la encriptaci\u00f3n de 128 Bits) exigidas por EEUU, Canad\u00e1 y la Uni\u00f3n Europea para este tipo de consultas.\u00a0 Para ingresar a [&hellip;]<\/p>\n","protected":false},"author":1,"featured_media":0,"parent":0,"menu_order":0,"comment_status":"closed","ping_status":"closed","template":"","meta":{"om_disable_all_campaigns":false,"_monsterinsights_skip_tracking":false,"_monsterinsights_sitenote_active":false,"_monsterinsights_sitenote_note":"","_monsterinsights_sitenote_category":0,"footnotes":""},"class_list":["post-1240","page","type-page","status-publish","hentry","entry"],"aioseo_notices":[],"_links":{"self":[{"href":"https:\/\/alvarogutierrezmd.com\/index.php?rest_route=\/wp\/v2\/pages\/1240","targetHints":{"allow":["GET"]}}],"collection":[{"href":"https:\/\/alvarogutierrezmd.com\/index.php?rest_route=\/wp\/v2\/pages"}],"about":[{"href":"https:\/\/alvarogutierrezmd.com\/index.php?rest_route=\/wp\/v2\/types\/page"}],"author":[{"embeddable":true,"href":"https:\/\/alvarogutierrezmd.com\/index.php?rest_route=\/wp\/v2\/users\/1"}],"replies":[{"embeddable":true,"href":"https:\/\/alvarogutierrezmd.com\/index.php?rest_route=%2Fwp%2Fv2%2Fcomments&post=1240"}],"version-history":[{"count":49,"href":"https:\/\/alvarogutierrezmd.com\/index.php?rest_route=\/wp\/v2\/pages\/1240\/revisions"}],"predecessor-version":[{"id":1602,"href":"https:\/\/alvarogutierrezmd.com\/index.php?rest_route=\/wp\/v2\/pages\/1240\/revisions\/1602"}],"wp:attachment":[{"href":"https:\/\/alvarogutierrezmd.com\/index.php?rest_route=%2Fwp%2Fv2%2Fmedia&parent=1240"}],"curies":[{"name":"wp","href":"https:\/\/api.w.org\/{rel}","templated":true}]}}